{"id":9,"date":"2023-08-26T19:45:31","date_gmt":"2023-08-26T22:45:31","guid":{"rendered":"https:\/\/chaveecarimbo.com.br\/?page_id=9"},"modified":"2023-09-07T18:17:37","modified_gmt":"2023-09-07T21:17:37","slug":"sobre-nos","status":"publish","type":"page","link":"https:\/\/chaveecarimbo.com.br\/index.php\/sobre-nos\/","title":{"rendered":"SOBRE N\u00d3S"},"content":{"rendered":"\n<div class=\"wp-block-media-text is-stacked-on-mobile is-vertically-aligned-center is-image-fill\"><figure class=\"wp-block-media-text__media\" style=\"background-image:url(https:\/\/chaveecarimbo.com.br\/wp-content\/uploads\/2023\/08\/young-attractive-woman-calling-by-phone-683x1024.jpg);background-position:50% 50%\"><img loading=\"lazy\" decoding=\"async\" width=\"683\" height=\"1024\" src=\"https:\/\/chaveecarimbo.com.br\/wp-content\/uploads\/2023\/08\/young-attractive-woman-calling-by-phone-683x1024.jpg\" alt=\"\" class=\"wp-image-191 size-full\" srcset=\"https:\/\/chaveecarimbo.com.br\/wp-content\/uploads\/2023\/08\/young-attractive-woman-calling-by-phone-683x1024.jpg 683w, https:\/\/chaveecarimbo.com.br\/wp-content\/uploads\/2023\/08\/young-attractive-woman-calling-by-phone-200x300.jpg 200w, https:\/\/chaveecarimbo.com.br\/wp-content\/uploads\/2023\/08\/young-attractive-woman-calling-by-phone-768x1152.jpg 768w, https:\/\/chaveecarimbo.com.br\/wp-content\/uploads\/2023\/08\/young-attractive-woman-calling-by-phone-1024x1536.jpg 1024w, https:\/\/chaveecarimbo.com.br\/wp-content\/uploads\/2023\/08\/young-attractive-woman-calling-by-phone-1365x2048.jpg 1365w, https:\/\/chaveecarimbo.com.br\/wp-content\/uploads\/2023\/08\/young-attractive-woman-calling-by-phone-570x855.jpg 570w, https:\/\/chaveecarimbo.com.br\/wp-content\/uploads\/2023\/08\/young-attractive-woman-calling-by-phone-scaled.jpg 1707w\" sizes=\"auto, (max-width: 683px) 100vw, 683px\" \/><\/figure><div class=\"wp-block-media-text__content\">\n<div style=\"height:20px\" aria-hidden=\"true\" class=\"wp-block-spacer\"><\/div>\n\n\n\n<h2 class=\"wp-block-heading has-huge-font-size\">Por que escolher a <mark style=\"background-color:rgba(0, 0, 0, 0)\" class=\"has-inline-color has-main-color\">CHAVE E CARIMBO<\/mark>?<\/h2>\n\n\n\n<div class=\"wp-block-group is-vertical is-layout-flex wp-container-core-group-is-layout-8cf370e7 wp-block-group-is-layout-flex\">\n<ul class=\"wp-block-list\">\n<li><strong>Experi\u00eancia e Compet\u00eancia:<\/strong> Com anos de experi\u00eancia no setor, nossa equipe possui o conhecimento e a experi\u00eancia necess\u00e1ria para lidar com qualquer situa\u00e7\u00e3o de chaveiro e confec\u00e7\u00e3o de carimbo.<\/li>\n\n\n\n<li><strong>Atendimento R\u00e1pido e Confi\u00e1vel:<\/strong> Entendemos que emerg\u00eancias acontecem. Estamos dispon\u00edveis 12 horas por dia, 6 dias por semana, para atender chamadas de emerg\u00eancia e ajud\u00e1-lo quando mais precisar.<\/li>\n\n\n\n<li><strong>Pre\u00e7os Competitivos:<\/strong> Oferecemos servi\u00e7os de alta qualidade a pre\u00e7os acess\u00edveis. Nossa transpar\u00eancia de pre\u00e7os significa que voc\u00ea nunca ter\u00e1 surpresas comerciais.<\/li>\n<\/ul>\n\n\n\n<ul class=\"wp-block-list\">\n<li><strong>Compromisso com a Satisfa\u00e7\u00e3o do Cliente:<\/strong> Sua satisfa\u00e7\u00e3o \u00e9 nossa prioridade. Tratamos cada cliente com respeito e fornecemos solu\u00e7\u00f5es personalizadas para atender \u00e0s suas necessidades.<\/li>\n<\/ul>\n<\/div>\n<\/div><\/div>\n\n\n\n<hr class=\"wp-block-separator has-alpha-channel-opacity mt-4 is-style-wide mb-4\"\/>\n\n\n\n<div class=\"wp-block-group is-layout-flow wp-block-group-is-layout-flow\">\n<h2 class=\"wp-block-heading has-text-align-center mb-05\">Na <mark style=\"background-color:rgba(0, 0, 0, 0)\" class=\"has-inline-color has-main-color\">CHAVE E CARIMBO<\/mark><\/h2>\n\n\n\n<p class=\"has-text-align-center\">Combinamos qualidade, confiabilidade e conveni\u00eancia para oferecer a voc\u00ea o melhor<br> servi\u00e7o de <strong>Chaveiro <\/strong>e confec\u00e7\u00e3o de <strong>Carimbo <\/strong>em Santa Cruz no Rio de Janeiro &#8211; RJ.<\/p>\n\n\n\n<hr class=\"wp-block-separator has-css-opacity center mt-2 mb-2\"\/>\n<\/div>\n\n\n\n<div class=\"wp-block-columns are-vertically-aligned-top gap-0 is-layout-flex wp-container-core-columns-is-layout-9d6595d7 wp-block-columns-is-layout-flex\">\n<div class=\"wp-block-column is-vertically-aligned-top p-1 is-layout-flow wp-block-column-is-layout-flow\">\n<p class=\"has-text-align-center has-normal-font-size\">Atendimento excelente, atendente super atenciosa e prestativa e produto de qualidade \u2764\ufe0f Super recomendo.<\/p>\n\n\n\n<figure class=\"wp-block-image aligncenter size-full is-resized\"><img loading=\"lazy\" decoding=\"async\" src=\"https:\/\/chaveecarimbo.com.br\/wp-content\/themes\/exs\/assets\/img\/star-rating.png\" alt=\"\" class=\"wp-image-1648\" style=\"width:170px;height:38px\" width=\"170\" height=\"38\"\/><\/figure>\n\n\n\n<h6 class=\"wp-block-heading has-text-align-center is-style-small-text\">Matheuse Andr\u00e9<\/h6>\n<\/div>\n\n\n\n<div class=\"wp-block-column is-vertically-aligned-top p-1 is-layout-flow wp-block-column-is-layout-flow\">\n<p class=\"has-text-align-center has-normal-font-size\">Excelente, carimbos de qualidade.<\/p>\n\n\n\n<figure class=\"wp-block-image aligncenter size-full is-resized\"><img loading=\"lazy\" decoding=\"async\" src=\"https:\/\/chaveecarimbo.com.br\/wp-content\/themes\/exs\/assets\/img\/star-rating.png\" alt=\"\" class=\"wp-image-1648\" style=\"width:170px;height:38px\" width=\"170\" height=\"38\"\/><\/figure>\n\n\n\n<h6 class=\"wp-block-heading has-text-align-center is-style-small-text\">Cenag\u00ea Ferreira<\/h6>\n<\/div>\n\n\n\n<div class=\"wp-block-column is-vertically-aligned-top p-1 is-layout-flow wp-block-column-is-layout-flow\">\n<p class=\"has-text-align-center has-normal-font-size\">Excelente trabalho , rapidez na entrega e \u00f3timo atendimento.<\/p>\n\n\n\n<figure class=\"wp-block-image aligncenter size-full is-resized\"><img loading=\"lazy\" decoding=\"async\" src=\"https:\/\/chaveecarimbo.com.br\/wp-content\/themes\/exs\/assets\/img\/star-rating.png\" alt=\"\" class=\"wp-image-1648\" style=\"width:170px;height:38px\" width=\"170\" height=\"38\"\/><\/figure>\n\n\n\n<h6 class=\"wp-block-heading has-text-align-center is-style-small-text\">Mayah Vitoriah<\/h6>\n<\/div>\n\n\n\n<div class=\"wp-block-column is-vertically-aligned-top p-1 is-layout-flow wp-block-column-is-layout-flow\">\n<p class=\"has-text-align-center has-normal-font-size\">Atendimento e servi\u00e7os feitos com rapIdez e excel\u00eancia.<\/p>\n\n\n\n<figure class=\"wp-block-image aligncenter size-full is-resized\"><img loading=\"lazy\" decoding=\"async\" src=\"https:\/\/chaveecarimbo.com.br\/wp-content\/themes\/exs\/assets\/img\/star-rating.png\" alt=\"\" class=\"wp-image-1648\" style=\"width:170px;height:38px\" width=\"170\" height=\"38\"\/><\/figure>\n\n\n\n<h6 class=\"wp-block-heading has-text-align-center is-style-small-text\">carlos henrique<\/h6>\n<\/div>\n<\/div>\n\n\n\n<div class=\"wp-block-group section l m pt-3 pb-3 is-layout-constrained wp-block-group-is-layout-constrained\">\n<div class=\"wp-block-columns is-layout-flex wp-container-core-columns-is-layout-9d6595d7 wp-block-columns-is-layout-flex\">\n<div class=\"wp-block-column is-layout-flow wp-block-column-is-layout-flow\">\n<figure class=\"wp-block-image aligncenter size-full\"><img loading=\"lazy\" decoding=\"async\" width=\"800\" height=\"488\" src=\"https:\/\/chaveecarimbo.com.br\/wp-content\/uploads\/2023\/08\/5620cf046a6a3457a03b18fe0bef6d6f.png\" alt=\"\" class=\"wp-image-176\" srcset=\"https:\/\/chaveecarimbo.com.br\/wp-content\/uploads\/2023\/08\/5620cf046a6a3457a03b18fe0bef6d6f.png 800w, https:\/\/chaveecarimbo.com.br\/wp-content\/uploads\/2023\/08\/5620cf046a6a3457a03b18fe0bef6d6f-300x183.png 300w, https:\/\/chaveecarimbo.com.br\/wp-content\/uploads\/2023\/08\/5620cf046a6a3457a03b18fe0bef6d6f-768x468.png 768w\" sizes=\"auto, (max-width: 800px) 100vw, 800px\" \/><\/figure>\n<\/div>\n\n\n\n<div class=\"wp-block-column is-layout-flow wp-block-column-is-layout-flow\">\n<figure class=\"wp-block-image aligncenter size-large\"><img loading=\"lazy\" decoding=\"async\" width=\"1024\" height=\"630\" src=\"https:\/\/chaveecarimbo.com.br\/wp-content\/uploads\/2023\/08\/Chevrolet-logo-4-1024x630.png\" alt=\"\" class=\"wp-image-177\" srcset=\"https:\/\/chaveecarimbo.com.br\/wp-content\/uploads\/2023\/08\/Chevrolet-logo-4-1024x630.png 1024w, https:\/\/chaveecarimbo.com.br\/wp-content\/uploads\/2023\/08\/Chevrolet-logo-4-300x185.png 300w, https:\/\/chaveecarimbo.com.br\/wp-content\/uploads\/2023\/08\/Chevrolet-logo-4-768x473.png 768w, https:\/\/chaveecarimbo.com.br\/wp-content\/uploads\/2023\/08\/Chevrolet-logo-4-1536x945.png 1536w, https:\/\/chaveecarimbo.com.br\/wp-content\/uploads\/2023\/08\/Chevrolet-logo-4-2048x1260.png 2048w, https:\/\/chaveecarimbo.com.br\/wp-content\/uploads\/2023\/08\/Chevrolet-logo-4-1140x702.png 1140w\" sizes=\"auto, (max-width: 1024px) 100vw, 1024px\" \/><\/figure>\n<\/div>\n\n\n\n<div class=\"wp-block-column is-layout-flow wp-block-column-is-layout-flow\">\n<figure class=\"wp-block-image aligncenter size-large\"><img loading=\"lazy\" decoding=\"async\" width=\"985\" height=\"1024\" src=\"https:\/\/chaveecarimbo.com.br\/wp-content\/uploads\/2023\/08\/dodge-985x1024.png\" alt=\"\" class=\"wp-image-178\" srcset=\"https:\/\/chaveecarimbo.com.br\/wp-content\/uploads\/2023\/08\/dodge-985x1024.png 985w, https:\/\/chaveecarimbo.com.br\/wp-content\/uploads\/2023\/08\/dodge-288x300.png 288w, https:\/\/chaveecarimbo.com.br\/wp-content\/uploads\/2023\/08\/dodge-768x799.png 768w, https:\/\/chaveecarimbo.com.br\/wp-content\/uploads\/2023\/08\/dodge-1477x1536.png 1477w, https:\/\/chaveecarimbo.com.br\/wp-content\/uploads\/2023\/08\/dodge-1969x2048.png 1969w, https:\/\/chaveecarimbo.com.br\/wp-content\/uploads\/2023\/08\/dodge-822x855.png 822w, https:\/\/chaveecarimbo.com.br\/wp-content\/uploads\/2023\/08\/dodge.png 2000w\" sizes=\"auto, (max-width: 985px) 100vw, 985px\" \/><\/figure>\n<\/div>\n\n\n\n<div class=\"wp-block-column is-layout-flow wp-block-column-is-layout-flow\">\n<figure class=\"wp-block-image aligncenter size-full\"><img loading=\"lazy\" decoding=\"async\" width=\"500\" height=\"500\" src=\"https:\/\/chaveecarimbo.com.br\/wp-content\/uploads\/2023\/08\/unnamed-1.png\" alt=\"\" class=\"wp-image-181\" srcset=\"https:\/\/chaveecarimbo.com.br\/wp-content\/uploads\/2023\/08\/unnamed-1.png 500w, https:\/\/chaveecarimbo.com.br\/wp-content\/uploads\/2023\/08\/unnamed-1-300x300.png 300w, https:\/\/chaveecarimbo.com.br\/wp-content\/uploads\/2023\/08\/unnamed-1-150x150.png 150w\" sizes=\"auto, (max-width: 500px) 100vw, 500px\" \/><\/figure>\n<\/div>\n\n\n\n<div class=\"wp-block-column is-layout-flow wp-block-column-is-layout-flow\">\n<figure class=\"wp-block-image aligncenter size-large is-resized\"><img loading=\"lazy\" decoding=\"async\" src=\"https:\/\/chaveecarimbo.com.br\/wp-content\/uploads\/2023\/08\/volkswagen-vw-logo-1024x1008.png\" alt=\"\" class=\"wp-image-182\" style=\"width:123px;height:121px\" width=\"123\" height=\"121\" srcset=\"https:\/\/chaveecarimbo.com.br\/wp-content\/uploads\/2023\/08\/volkswagen-vw-logo-1024x1008.png 1024w, https:\/\/chaveecarimbo.com.br\/wp-content\/uploads\/2023\/08\/volkswagen-vw-logo-300x295.png 300w, https:\/\/chaveecarimbo.com.br\/wp-content\/uploads\/2023\/08\/volkswagen-vw-logo-768x756.png 768w, https:\/\/chaveecarimbo.com.br\/wp-content\/uploads\/2023\/08\/volkswagen-vw-logo-1536x1512.png 1536w, https:\/\/chaveecarimbo.com.br\/wp-content\/uploads\/2023\/08\/volkswagen-vw-logo-2048x2016.png 2048w, https:\/\/chaveecarimbo.com.br\/wp-content\/uploads\/2023\/08\/volkswagen-vw-logo-869x855.png 869w\" sizes=\"auto, (max-width: 123px) 100vw, 123px\" \/><\/figure>\n<\/div>\n\n\n\n<div class=\"wp-block-column is-layout-flow wp-block-column-is-layout-flow\">\n<figure class=\"wp-block-image aligncenter size-full\"><img loading=\"lazy\" decoding=\"async\" width=\"800\" height=\"563\" src=\"https:\/\/chaveecarimbo.com.br\/wp-content\/uploads\/2023\/08\/h51rqa6xyrbfzqjsen9i.png\" alt=\"\" class=\"wp-image-183\" srcset=\"https:\/\/chaveecarimbo.com.br\/wp-content\/uploads\/2023\/08\/h51rqa6xyrbfzqjsen9i.png 800w, https:\/\/chaveecarimbo.com.br\/wp-content\/uploads\/2023\/08\/h51rqa6xyrbfzqjsen9i-300x211.png 300w, https:\/\/chaveecarimbo.com.br\/wp-content\/uploads\/2023\/08\/h51rqa6xyrbfzqjsen9i-768x540.png 768w\" sizes=\"auto, (max-width: 800px) 100vw, 800px\" \/><\/figure>\n<\/div>\n<\/div>\n\n\n\n<div style=\"height:20px\" aria-hidden=\"true\" class=\"wp-block-spacer\"><\/div>\n\n\n\n<div class=\"wp-block-columns is-layout-flex wp-container-core-columns-is-layout-9d6595d7 wp-block-columns-is-layout-flex\">\n<div class=\"wp-block-column is-layout-flow wp-block-column-is-layout-flow\">\n<figure class=\"wp-block-image aligncenter size-large\"><img loading=\"lazy\" decoding=\"async\" width=\"1024\" height=\"724\" src=\"https:\/\/chaveecarimbo.com.br\/wp-content\/uploads\/2023\/08\/honda-autos-logo-1024x724.png\" alt=\"\" class=\"wp-image-184\" srcset=\"https:\/\/chaveecarimbo.com.br\/wp-content\/uploads\/2023\/08\/honda-autos-logo-1024x724.png 1024w, https:\/\/chaveecarimbo.com.br\/wp-content\/uploads\/2023\/08\/honda-autos-logo-300x212.png 300w, https:\/\/chaveecarimbo.com.br\/wp-content\/uploads\/2023\/08\/honda-autos-logo-768x543.png 768w, https:\/\/chaveecarimbo.com.br\/wp-content\/uploads\/2023\/08\/honda-autos-logo-1536x1085.png 1536w, https:\/\/chaveecarimbo.com.br\/wp-content\/uploads\/2023\/08\/honda-autos-logo-2048x1447.png 2048w, https:\/\/chaveecarimbo.com.br\/wp-content\/uploads\/2023\/08\/honda-autos-logo-1140x805.png 1140w\" sizes=\"auto, (max-width: 1024px) 100vw, 1024px\" \/><\/figure>\n<\/div>\n\n\n\n<div class=\"wp-block-column is-layout-flow wp-block-column-is-layout-flow\">\n<figure class=\"wp-block-image aligncenter size-large is-resized\"><img loading=\"lazy\" decoding=\"async\" src=\"https:\/\/chaveecarimbo.com.br\/wp-content\/uploads\/2023\/08\/kia-logo-1024x513.png\" alt=\"\" class=\"wp-image-185\" style=\"width:140px;height:70px\" width=\"140\" height=\"70\" srcset=\"https:\/\/chaveecarimbo.com.br\/wp-content\/uploads\/2023\/08\/kia-logo-1024x513.png 1024w, https:\/\/chaveecarimbo.com.br\/wp-content\/uploads\/2023\/08\/kia-logo-300x150.png 300w, https:\/\/chaveecarimbo.com.br\/wp-content\/uploads\/2023\/08\/kia-logo-768x385.png 768w, https:\/\/chaveecarimbo.com.br\/wp-content\/uploads\/2023\/08\/kia-logo-1536x770.png 1536w, https:\/\/chaveecarimbo.com.br\/wp-content\/uploads\/2023\/08\/kia-logo-2048x1027.png 2048w, https:\/\/chaveecarimbo.com.br\/wp-content\/uploads\/2023\/08\/kia-logo-1140x572.png 1140w, https:\/\/chaveecarimbo.com.br\/wp-content\/uploads\/2023\/08\/kia-logo-800x400.png 800w\" sizes=\"auto, (max-width: 140px) 100vw, 140px\" \/><\/figure>\n<\/div>\n\n\n\n<div class=\"wp-block-column is-layout-flow wp-block-column-is-layout-flow\">\n<figure class=\"wp-block-image aligncenter size-full\"><img loading=\"lazy\" decoding=\"async\" width=\"512\" height=\"434\" src=\"https:\/\/chaveecarimbo.com.br\/wp-content\/uploads\/2023\/08\/unnamed.png\" alt=\"\" class=\"wp-image-186\" srcset=\"https:\/\/chaveecarimbo.com.br\/wp-content\/uploads\/2023\/08\/unnamed.png 512w, https:\/\/chaveecarimbo.com.br\/wp-content\/uploads\/2023\/08\/unnamed-300x254.png 300w\" sizes=\"auto, (max-width: 512px) 100vw, 512px\" \/><\/figure>\n<\/div>\n\n\n\n<div class=\"wp-block-column is-layout-flow wp-block-column-is-layout-flow\">\n<figure class=\"wp-block-image aligncenter size-large\"><img loading=\"lazy\" decoding=\"async\" width=\"1024\" height=\"384\" src=\"https:\/\/chaveecarimbo.com.br\/wp-content\/uploads\/2023\/08\/ford-logo-1-1024x384.png\" alt=\"\" class=\"wp-image-187\" srcset=\"https:\/\/chaveecarimbo.com.br\/wp-content\/uploads\/2023\/08\/ford-logo-1-1024x384.png 1024w, https:\/\/chaveecarimbo.com.br\/wp-content\/uploads\/2023\/08\/ford-logo-1-300x112.png 300w, https:\/\/chaveecarimbo.com.br\/wp-content\/uploads\/2023\/08\/ford-logo-1-768x288.png 768w, https:\/\/chaveecarimbo.com.br\/wp-content\/uploads\/2023\/08\/ford-logo-1-1536x576.png 1536w, https:\/\/chaveecarimbo.com.br\/wp-content\/uploads\/2023\/08\/ford-logo-1-2048x768.png 2048w, https:\/\/chaveecarimbo.com.br\/wp-content\/uploads\/2023\/08\/ford-logo-1-1140x427.png 1140w\" sizes=\"auto, (max-width: 1024px) 100vw, 1024px\" \/><\/figure>\n<\/div>\n\n\n\n<div class=\"wp-block-column is-layout-flow wp-block-column-is-layout-flow\">\n<figure class=\"wp-block-image aligncenter size-large\"><img loading=\"lazy\" decoding=\"async\" width=\"1024\" height=\"721\" src=\"https:\/\/chaveecarimbo.com.br\/wp-content\/uploads\/2023\/08\/f533f74d2896aad18926b59fa89884ff-1024x721.png\" alt=\"\" class=\"wp-image-188\" srcset=\"https:\/\/chaveecarimbo.com.br\/wp-content\/uploads\/2023\/08\/f533f74d2896aad18926b59fa89884ff-1024x721.png 1024w, https:\/\/chaveecarimbo.com.br\/wp-content\/uploads\/2023\/08\/f533f74d2896aad18926b59fa89884ff-300x211.png 300w, https:\/\/chaveecarimbo.com.br\/wp-content\/uploads\/2023\/08\/f533f74d2896aad18926b59fa89884ff-768x541.png 768w, https:\/\/chaveecarimbo.com.br\/wp-content\/uploads\/2023\/08\/f533f74d2896aad18926b59fa89884ff-1536x1082.png 1536w, https:\/\/chaveecarimbo.com.br\/wp-content\/uploads\/2023\/08\/f533f74d2896aad18926b59fa89884ff-1140x803.png 1140w, https:\/\/chaveecarimbo.com.br\/wp-content\/uploads\/2023\/08\/f533f74d2896aad18926b59fa89884ff.png 2000w\" sizes=\"auto, (max-width: 1024px) 100vw, 1024px\" \/><\/figure>\n<\/div>\n\n\n\n<div class=\"wp-block-column is-layout-flow wp-block-column-is-layout-flow\">\n<figure class=\"wp-block-image aligncenter size-large\"><img loading=\"lazy\" decoding=\"async\" width=\"1024\" height=\"895\" src=\"https:\/\/chaveecarimbo.com.br\/wp-content\/uploads\/2023\/08\/download-toyota-logo-png-images-transparent-gallery-advertisement-1574-1024x895.png\" alt=\"\" class=\"wp-image-189\" srcset=\"https:\/\/chaveecarimbo.com.br\/wp-content\/uploads\/2023\/08\/download-toyota-logo-png-images-transparent-gallery-advertisement-1574-1024x895.png 1024w, https:\/\/chaveecarimbo.com.br\/wp-content\/uploads\/2023\/08\/download-toyota-logo-png-images-transparent-gallery-advertisement-1574-300x262.png 300w, https:\/\/chaveecarimbo.com.br\/wp-content\/uploads\/2023\/08\/download-toyota-logo-png-images-transparent-gallery-advertisement-1574-768x671.png 768w, https:\/\/chaveecarimbo.com.br\/wp-content\/uploads\/2023\/08\/download-toyota-logo-png-images-transparent-gallery-advertisement-1574-1536x1343.png 1536w, https:\/\/chaveecarimbo.com.br\/wp-content\/uploads\/2023\/08\/download-toyota-logo-png-images-transparent-gallery-advertisement-1574-978x855.png 978w, https:\/\/chaveecarimbo.com.br\/wp-content\/uploads\/2023\/08\/download-toyota-logo-png-images-transparent-gallery-advertisement-1574.png 1574w\" sizes=\"auto, (max-width: 1024px) 100vw, 1024px\" \/><\/figure>\n<\/div>\n<\/div>\n<\/div>\n\n\n\n<div style=\"height:40px\" aria-hidden=\"true\" class=\"wp-block-spacer\"><\/div>\n\n\n\n<div class=\"wp-block-columns is-layout-flex wp-container-core-columns-is-layout-9d6595d7 wp-block-columns-is-layout-flex\">\n<div class=\"wp-block-column is-layout-flow wp-block-column-is-layout-flow\">\n<h2 class=\"wp-block-heading is-style-circle-bg has-huge-font-size\"><img loading=\"lazy\" decoding=\"async\" width=\"127\" height=\"127\" class=\"wp-image-223\" style=\"width: 127px;\" src=\"http:\/\/chaveecarimbo.com.br\/wp-content\/uploads\/2023\/09\/download-9.png\" alt=\"\"><\/h2>\n\n\n\n<h6 class=\"wp-block-heading\" style=\"margin-top:1px;margin-bottom:15px\">Escolas, hospitais<\/h6>\n\n\n\n<figure class=\"wp-block-image size-full is-resized\"><img loading=\"lazy\" decoding=\"async\" src=\"https:\/\/chaveecarimbo.com.br\/wp-content\/uploads\/2023\/09\/image.png\" alt=\"\" class=\"wp-image-227\" style=\"width:166px;height:37px\" width=\"166\" height=\"37\"\/><\/figure>\n<\/div>\n\n\n\n<div class=\"wp-block-column is-layout-flow wp-block-column-is-layout-flow\">\n<h2 class=\"wp-block-heading is-style-circle-bg has-huge-font-size\"><img loading=\"lazy\" decoding=\"async\" width=\"150\" height=\"150\" class=\"wp-image-225\" style=\"width: 150px;\" src=\"http:\/\/chaveecarimbo.com.br\/wp-content\/uploads\/2023\/09\/logo-500x500-px-400x400-1.jpg\" alt=\"\" srcset=\"https:\/\/chaveecarimbo.com.br\/wp-content\/uploads\/2023\/09\/logo-500x500-px-400x400-1.jpg 400w, https:\/\/chaveecarimbo.com.br\/wp-content\/uploads\/2023\/09\/logo-500x500-px-400x400-1-300x300.jpg 300w, https:\/\/chaveecarimbo.com.br\/wp-content\/uploads\/2023\/09\/logo-500x500-px-400x400-1-150x150.jpg 150w\" sizes=\"auto, (max-width: 150px) 100vw, 150px\" \/><\/h2>\n\n\n\n<h6 class=\"wp-block-heading\" style=\"margin-top:1px;margin-bottom:15px\">Unidades RJ<\/h6>\n\n\n\n<figure class=\"wp-block-image size-full is-resized\"><img loading=\"lazy\" decoding=\"async\" src=\"https:\/\/chaveecarimbo.com.br\/wp-content\/uploads\/2023\/09\/image-1.png\" alt=\"\" class=\"wp-image-228\" style=\"width:168px;height:37px\" width=\"168\" height=\"37\"\/><\/figure>\n<\/div>\n\n\n\n<div class=\"wp-block-column is-layout-flow wp-block-column-is-layout-flow\">\n<h2 class=\"wp-block-heading is-style-circle-bg has-huge-font-size\"><img loading=\"lazy\" decoding=\"async\" width=\"150\" height=\"150\" class=\"wp-image-226\" style=\"width: 150px;\" src=\"http:\/\/chaveecarimbo.com.br\/wp-content\/uploads\/2023\/09\/atacadao-sa-logo.jpg\" alt=\"\" srcset=\"https:\/\/chaveecarimbo.com.br\/wp-content\/uploads\/2023\/09\/atacadao-sa-logo.jpg 180w, https:\/\/chaveecarimbo.com.br\/wp-content\/uploads\/2023\/09\/atacadao-sa-logo-150x150.jpg 150w\" sizes=\"auto, (max-width: 150px) 100vw, 150px\" \/><\/h2>\n\n\n\n<h6 class=\"wp-block-heading\" style=\"margin-top:1px;margin-bottom:15px\">Lojas RJ<\/h6>\n\n\n\n<figure class=\"wp-block-image size-full is-resized\"><img loading=\"lazy\" decoding=\"async\" src=\"https:\/\/chaveecarimbo.com.br\/wp-content\/uploads\/2023\/09\/image-2.png\" alt=\"\" class=\"wp-image-229\" style=\"width:165px;height:37px\" width=\"165\" height=\"37\"\/><\/figure>\n<\/div>\n\n\n\n<div class=\"wp-block-column is-layout-flow wp-block-column-is-layout-flow\">\n<h2 class=\"wp-block-heading is-style-circle-bg has-huge-font-size\"><img loading=\"lazy\" decoding=\"async\" width=\"150\" height=\"150\" class=\"wp-image-231\" style=\"width: 150px;\" src=\"http:\/\/chaveecarimbo.com.br\/wp-content\/uploads\/2023\/09\/assai-atacadista-logo-91322E0F6F-seeklogo.com_.png\" alt=\"\" srcset=\"https:\/\/chaveecarimbo.com.br\/wp-content\/uploads\/2023\/09\/assai-atacadista-logo-91322E0F6F-seeklogo.com_.png 300w, https:\/\/chaveecarimbo.com.br\/wp-content\/uploads\/2023\/09\/assai-atacadista-logo-91322E0F6F-seeklogo.com_-150x150.png 150w\" sizes=\"auto, (max-width: 150px) 100vw, 150px\" \/><\/h2>\n\n\n\n<h6 class=\"wp-block-heading\" style=\"margin-top:1px;margin-bottom:15px\">Lojas RJ<\/h6>\n\n\n\n<figure class=\"wp-block-image size-full is-resized\"><img loading=\"lazy\" decoding=\"async\" src=\"https:\/\/chaveecarimbo.com.br\/wp-content\/uploads\/2023\/09\/image-3.png\" alt=\"\" class=\"wp-image-230\" style=\"width:160px;height:35px\" width=\"160\" height=\"35\"\/><\/figure>\n<\/div>\n<\/div>\n\n\n\n<p><\/p>\n","protected":false},"excerpt":{"rendered":"<p>Na CHAVE E CARIMBO Combinamos qualidade, confiabilidade e conveni\u00eancia para oferecer a voc\u00ea o melhor servi\u00e7o de Chaveiro e confec\u00e7\u00e3o<span class=\"more-dots\">&#8230;<\/span><\/p>\n","protected":false},"author":1,"featured_media":0,"parent":0,"menu_order":0,"comment_status":"closed","ping_status":"closed","template":"page-templates\/no-sidebar-no-title.php","meta":{"footnotes":""},"class_list":["post-9","page","type-page","status-publish","hentry","no-post-thumbnail"],"_links":{"self":[{"href":"https:\/\/chaveecarimbo.com.br\/index.php\/wp-json\/wp\/v2\/pages\/9","targetHints":{"allow":["GET"]}}],"collection":[{"href":"https:\/\/chaveecarimbo.com.br\/index.php\/wp-json\/wp\/v2\/pages"}],"about":[{"href":"https:\/\/chaveecarimbo.com.br\/index.php\/wp-json\/wp\/v2\/types\/page"}],"author":[{"embeddable":true,"href":"https:\/\/chaveecarimbo.com.br\/index.php\/wp-json\/wp\/v2\/users\/1"}],"replies":[{"embeddable":true,"href":"https:\/\/chaveecarimbo.com.br\/index.php\/wp-json\/wp\/v2\/comments?post=9"}],"version-history":[{"count":15,"href":"https:\/\/chaveecarimbo.com.br\/index.php\/wp-json\/wp\/v2\/pages\/9\/revisions"}],"predecessor-version":[{"id":232,"href":"https:\/\/chaveecarimbo.com.br\/index.php\/wp-json\/wp\/v2\/pages\/9\/revisions\/232"}],"wp:attachment":[{"href":"https:\/\/chaveecarimbo.com.br\/index.php\/wp-json\/wp\/v2\/media?parent=9"}],"curies":[{"name":"wp","href":"https:\/\/api.w.org\/{rel}","templated":true}]}}